{"id":21,"date":"2022-10-25T22:45:30","date_gmt":"2022-10-25T22:45:30","guid":{"rendered":"http:\/\/iglesiaespanoleastwood.com\/?page_id=21"},"modified":"2023-07-19T18:48:37","modified_gmt":"2023-07-19T18:48:37","slug":"home","status":"publish","type":"page","link":"https:\/\/iglesiaespanoleastwood.com\/","title":{"rendered":"Home"},"content":{"rendered":"\n\n\t<h1>Renacer<\/h1>\n\t<p>SERVICIO<\/p>\n\t<p>Domingos 10:30 am<\/p>\n<p>Location Address 123<\/p>\n\t<h6>SIGUIENTES PASOS<\/h6>\n<h2>\n\t\tAdora con nosotros\n\t<\/h2>\n<h2>\n\t\ten Renacer\n\t<\/h2>\n\t\t\t\t<img decoding=\"async\" src=\"http:\/\/iglesiaespanoleastwood.com\/wp-content\/uploads\/2022\/10\/H1@1600x-100.jpg\" alt=\"H1@1600x-100\" itemprop=\"image\" title=\"H1@1600x-100\" onerror=\"this.style.display='none'\"  \/>\n\t<h6>ACERCA DE NOSOTROS<\/h6>\n<h2>\n\t\tFundamentado\u00a0\n\t<\/h2>\n<h2>\n\t\ten el Evangelio de Jes\u00fas\n\t<\/h2>\n\t\t\t\t<img decoding=\"async\" src=\"http:\/\/iglesiaespanoleastwood.com\/wp-content\/uploads\/2022\/10\/5f84c1b0ce2a2ee58cce01a1_Melissa-McMahan.jpg\" alt=\"5f84c1b0ce2a2ee58cce01a1_Melissa McMahan\" itemprop=\"image\" title=\"5f84c1b0ce2a2ee58cce01a1_Melissa McMahan\" onerror=\"this.style.display='none'\"  \/>\n\t<p>Melissa McMahan<\/p>\n\t<h4>Directora Ministerio de Ni\u00f1os<\/h4>\n\t\t\t\t<img decoding=\"async\" src=\"http:\/\/iglesiaespanoleastwood.com\/wp-content\/uploads\/2022\/10\/5f84c1800463a0c24cb42b95_Jorge-Romero.jpg\" alt=\"5f84c1800463a0c24cb42b95_Jorge Romero\" itemprop=\"image\" title=\"5f84c1800463a0c24cb42b95_Jorge Romero\" onerror=\"this.style.display='none'\"  \/>\n\t<p>Jorge Romero<\/p>\n\t<h4>Alcance Comunitario<\/h4>\n\t\t\t\t<img decoding=\"async\" src=\"http:\/\/iglesiaespanoleastwood.com\/wp-content\/uploads\/2022\/10\/Artboard-7@1600x-100-1.jpg\" alt=\"Artboard 7@1600x-100\" itemprop=\"image\" title=\"Artboard 7@1600x-100\" onerror=\"this.style.display='none'\"  \/>\n\t<p>Coming Soon<\/p>\n\t<h4>POSITION<\/h4>\n\t<h6>STEWARDSHIP<\/h6>\n<h2>\n\t\tA trav\u00e9z de dar, hacemos la diferencia.\n\t<\/h2>\n\tDar es un principio que se ense\u00f1a a lo largo de toda la Biblia. Cuando diezmamos y damos, estamos<br \/>\nexpresando adoraci\u00f3n de una manera tangible al poner a Dios primero en nuestras vidas. Su<br \/>\ngenerosidad y asociaci\u00f3n con la Iglesia Bautista de Eastwood nos permite ayudar a m\u00e1s personas a<br \/>\nexperimentar una relaci\u00f3n con Jes\u00fas que cambia la vida.\n\t\t\t<a href=\"https:\/\/app.securegive.com\/eastwoodbaptist\/main\/donate\/category\" target=\"_blank\" rel=\"noopener\">\n\t\t\t\t\t\t\tDar\n\t\t\t\t\t<\/a>\n\n","protected":false},"excerpt":{"rendered":"<p>Renacer SERVICIO Domingos 10:30 am Location Address 123 SIGUIENTES PASOS Adora con nosotros en Renacer ACERCA DE NOSOTROS Fundamentado\u00a0 en el Evangelio de Jes\u00fas Melissa McMahan Directora Ministerio de Ni\u00f1os Jorge Romero Alcance Comunitario Coming Soon POSITION STEWARDSHIP A trav\u00e9z de dar, hacemos la diferencia. Dar es un principio que se ense\u00f1a a lo largo&hellip;<\/p>\n","protected":false},"author":2,"featured_media":0,"parent":0,"menu_order":0,"comment_status":"closed","ping_status":"closed","template":"","meta":{"_seopress_robots_primary_cat":"","_seopress_titles_title":"","_seopress_titles_desc":"","_seopress_robots_index":"","footnotes":""},"class_list":["post-21","page","type-page","status-publish","hentry"],"_links":{"self":[{"href":"https:\/\/iglesiaespanoleastwood.com\/index.php\/wp-json\/wp\/v2\/pages\/21","targetHints":{"allow":["GET"]}}],"collection":[{"href":"https:\/\/iglesiaespanoleastwood.com\/index.php\/wp-json\/wp\/v2\/pages"}],"about":[{"href":"https:\/\/iglesiaespanoleastwood.com\/index.php\/wp-json\/wp\/v2\/types\/page"}],"author":[{"embeddable":true,"href":"https:\/\/iglesiaespanoleastwood.com\/index.php\/wp-json\/wp\/v2\/users\/2"}],"replies":[{"embeddable":true,"href":"https:\/\/iglesiaespanoleastwood.com\/index.php\/wp-json\/wp\/v2\/comments?post=21"}],"version-history":[{"count":42,"href":"https:\/\/iglesiaespanoleastwood.com\/index.php\/wp-json\/wp\/v2\/pages\/21\/revisions"}],"predecessor-version":[{"id":160,"href":"https:\/\/iglesiaespanoleastwood.com\/index.php\/wp-json\/wp\/v2\/pages\/21\/revisions\/160"}],"wp:attachment":[{"href":"https:\/\/iglesiaespanoleastwood.com\/index.php\/wp-json\/wp\/v2\/media?parent=21"}],"curies":[{"name":"wp","href":"https:\/\/api.w.org\/{rel}","templated":true}]}}